{"id":603,"date":"2013-06-03T12:54:12","date_gmt":"2013-06-03T11:54:12","guid":{"rendered":"http:\/\/cyol.fr\/blog\/?page_id=603"},"modified":"2015-01-06T16:33:35","modified_gmt":"2015-01-06T14:33:35","slug":"cats","status":"publish","type":"page","link":"https:\/\/cyol.fr\/blog\/cats\/","title":{"rendered":"Cats"},"content":{"rendered":"<p><em>Cette page sert de base pour une partie de Cats par chat vocal. Y seront pr\u00e9sent\u00e9s les liens importants pour les joueurs, les m\u00e9canismes de bases, et \u00e0 terme des rapports de campagne ?<\/em><\/p>\n<p><a href=\"https:\/\/cyol.fr\/blog\/wp-content\/uploads\/sources\/EcranCats.jpg\"><img loading=\"lazy\" decoding=\"async\" class=\"alignnone  wp-image-611\" title=\"EcranCats\" src=\"https:\/\/cyol.fr\/blog\/wp-content\/uploads\/sources\/EcranCats-1024x258.jpg\" alt=\"Ecran du jeu\" width=\"645\" height=\"162\" \/><\/a><\/p>\n<h3>Pr\u00e9sentation du jeu :<\/h3>\n<p>Site de l&rsquo;auteur : Vincent (Tl\u00f6n Uqbar) : <a title=\"Site de Tl\u00f6n Uqbar, auteur de Cats la mascarade\" href=\"http:\/\/www.tlonuqbar.net\/\" hreflang=\"fr\">Le panier du chat<\/a><\/p>\n<p>Site de l&rsquo;\u00e9diteur : <a title=\"Edition Icare : Cats la Mascarade\" href=\"http:\/\/www.editions-icare.com\/index.php?option=com_content&amp;view=article&amp;id=19:cats-la-mascarade\" hreflang=\"fr\">Les \u00e9ditions Icare<\/a><\/p>\n<p>Pr\u00e9sentation ici m\u00eame : <a title=\"Devenez un chat avec Cats la Mascarade\" href=\"https:\/\/cyol.fr\/blog\/post\/devenez-un-chat-avec-cats-la-mascarade\/\">Devenez un chat avec Cats la Mascarade <\/a><\/p>\n<p><em>Note : si vous souhaitez garder la surprise, ne lisez pas les sc\u00e9narios propos\u00e9s ou le rapport de partie que j&rsquo;ai pu faire sur Tatie Danielle. Apr\u00e8s je ne me formalise pas. Apr\u00e8s tout, il n&rsquo;y a pas forc\u00e9ment de \u00ab\u00a0Grand Secret\u00a0\u00bb qui changerait radicalement la face du jeu. Les chats \u00e9tant justement ceux qui connaissent les Grands Secrets !<br \/>\nDe plus en tant que MJ, je suis plus sur l&rsquo;impro, la construction d&rsquo;histoire, pas forc\u00e9ment de coller au sc\u00e9nario (je ne m&rsquo;en sert que comme trame)<br \/>\n<\/em><\/p>\n<h3>Cr\u00e9ation de personnage &amp; m\u00e9canismes :<\/h3>\n<p><strong>La fiche de personnage<\/strong> : <a title=\"Fiches de perso sur le site de l'auteur\" href=\"http:\/\/www.tlonuqbar.net\/cats\/?page_id=13\" target=\"_blank\">sur le site de l&rsquo;auteur<\/a><\/p>\n<p>Pour la <strong>cr\u00e9ation des personnages<\/strong>, voici les annexes du jeux couvrant ces points : <a title=\"Zip des 7 pages d'annexes sur la cr\u00e9ation de personnage\" href=\"http:\/\/cyol.fr\/ressources\/jdr\/cats\/CatsAnnexes.zip\" target=\"_blank\">CatsAnnexes.zip<\/a><\/p>\n<p><strong>R\u00e9ussir des actions<\/strong> : Chance D10 + Comp\u00e9tence &gt; Difficult\u00e9<\/p>\n<p><strong>Chance D10<\/strong> : Je lance autant de D10 que ma Chance et je garde le D que je pr\u00e9f\u00e8re (g\u00e9n\u00e9ralement le plus haut!)<\/p>\n<p><strong>Tableau des difficult\u00e9s<\/strong> :<\/p>\n<table>\n<tbody>\n<tr>\n<th>Niveau<\/th>\n<th>Seuil<\/th>\n<\/tr>\n<tr>\n<td>Tr\u00e8s Facile<\/td>\n<td>2<\/td>\n<\/tr>\n<tr>\n<td>Facile<\/td>\n<td>4<\/td>\n<\/tr>\n<tr>\n<td>Assez Facile<\/td>\n<td>6<\/td>\n<\/tr>\n<tr>\n<td>Moyen<\/td>\n<td>8<\/td>\n<\/tr>\n<tr>\n<td>Assez Difficile<\/td>\n<td>11<\/td>\n<\/tr>\n<tr>\n<td>Difficile<\/td>\n<td>15<\/td>\n<\/tr>\n<tr>\n<td>Tr\u00e8s Difficile<\/td>\n<td>18<\/td>\n<\/tr>\n<tr>\n<td>Quasiment Impossible<\/td>\n<td>19<\/td>\n<\/tr>\n<tr>\n<td>Impossible<\/td>\n<td>20<\/td>\n<\/tr>\n<\/tbody>\n<\/table>\n<p><strong>Critique :<\/strong> Si un D fait 10 (0), on le relance. S&rsquo;il fait de nouveau 10 c&rsquo;est une r\u00e9ussite critique, le personnage gagne 1 point de Chance (max 5)<br \/>\nSi un D fait 1, on le relance. S&rsquo;il fait de nouveau 1 c&rsquo;est un \u00e9chec critique, le personnage perd 1 point de Chance (min 1)<br \/>\nLes r\u00e9ussites et \u00e9checs critiques qui sortent dans un m\u00eame jet de D s&rsquo;annulent.<\/p>\n<p>Dans tous les cas de Critique (\u00c9chec ou R\u00e9ussite), le personnage gagne 1 point d&rsquo;exp\u00e9rience.<\/p>\n<p><strong>9 vies :<\/strong> Les chats ont 9 vies et peuvent en d\u00e9penser une pour rejouer une action manqu\u00e9e<\/p>\n<h3>L&rsquo;Univers :<\/h3>\n<blockquote><p>L\u2019Homme n\u2019est pas le seul \u00eatre intelligent apparu sur Terre&#8230;<br \/>\nEt en plus, il n\u2019est pas le premier.<br \/>\nAvant lui est apparu&#8230; le chat !<\/p><\/blockquote>\n<p>Le chat a m\u00eame cr\u00e9\u00e9 l&rsquo;homme pour en faire son esclave. Bon, des choses ont mal tourn\u00e9s, et depuis quelques si\u00e8cles les chats ont d\u00e9cid\u00e9s, dans leur grande majorit\u00e9, que, face \u00e0 l&rsquo;essor des siemesques (nous les humains) en terme de savoir et de technologie, il fallait mieux faire profil bas. Que le meilleur moyen que les esclaves humains ne se rebellent pas et n\u2019\u00e9radiquent pas les chats \u00e9taient qu&rsquo;ils ne soient pas conscient de leur statut d&rsquo;esclave. Et \u00e7a, c&rsquo;est la Mascarade !<\/p>\n<p>Pour mieux prot\u00e9ger leurs int\u00e9r\u00eats (et la Mascarade), les chats forment des coalitions g\u00e9ographiques nomm\u00e9s Conseil. Et oui, les chats sont tr\u00e8s ind\u00e9pendant mais avec les ann\u00e9es se sont quand m\u00eame rendus compte des avantages \u00e0 travailler ensemble&#8230; Ce qui ne veux pas forc\u00e9ment dire qu&rsquo;ils aiment \u00e7a !<\/p>\n<p>Vous d\u00e9pendez du Conseil de Paris (Je ferais bien un jumelage avec le Conseil de Strasbourg mais je connais pas la ville \ud83d\ude09 ) et allez \u00eatre amener \u00e0 ex\u00e9cuter des missions pour ce Conseil en tant qu&rsquo;Agents du Conseil. Ces Missions ont le plus souvent pour but de prot\u00e9ger la Mascarade en emp\u00eachant les Siemesques de d\u00e9couvrir des \u00e9l\u00e9ments r\u00e9v\u00e9lant la v\u00e9ritable nature des chats.<\/p>\n<h3>Le mat\u00e9riel<\/h3>\n<p><del>Pour le moment j&rsquo;ai fais des tests avec <a title=\"Rolisteam\" href=\"http:\/\/www.rolisteam.org\/fr\">Rolisteam<\/a> pour le logiciel de \u00ab\u00a0table virtuelle\u00a0\u00bb.<\/del><br \/>\n<del> Voici un fond d&rsquo;\u00e9cran (placer le fichier \u00e0 la racine de l&rsquo;application rolisteam) : <a title=\"Fond d'\u00e9cran Rolisteam\/Cats\" href=\"http:\/\/cyol.fr\/ressources\/jdr\/cats\/Rolisteam.bmp\" target=\"_blank\">rolisteam.bmp<\/a><\/del><br \/>\n<del> Lien d&rsquo;<a title=\"Wiki Rolisteam\" href=\"http:\/\/wiki.rolisteam.org\/index.php\/Main_Page\" target=\"_blank\">aide pour Rolisteam<\/a><\/del><\/p>\n<p>On utilisera Roll20, voici le lien pour rejoindre la partie : <strong><a href=\"https:\/\/app.roll20.net\/join\/208703\/Jfqfog\">https:\/\/app.roll20.net\/join\/208703\/Jfqfog<\/a><\/strong><\/p>\n<p>Pour le vocal, \u00e0 voir :<\/p>\n<ul>\n<li>Google hangout (test\u00e9 avec ddschutz pour qu&rsquo;il m&rsquo;explique Jaipur),<\/li>\n<li>skype ?,<\/li>\n<li>teamspeak (utilis\u00e9 par la communaut\u00e9 de<a title=\"Jdr Virtuel, communaut\u00e9 de jdr par chat vocal\" href=\" http:\/\/jdrvirtuel.com\/\" target=\"_blank\"> http:\/\/jdrvirtuel.com\/<\/a> mais je sais pas si\/comment on peut avoir un petit coin \u00e0 nous)?,<\/li>\n<li>mumble?<\/li>\n<\/ul>\n<p>Pour le vocal ce sera Teamspeak : t\u00e9l\u00e9chargez le client qui vous va (suivant votre OS) sur : <a title=\"Page de t\u00e9l\u00e9chargement du logiciel Teamspeak\" href=\"http:\/\/www.teamspeak.com\/?page=downloads\" target=\"_blank\">http:\/\/www.teamspeak.com\/?page=d\u200bownloads<\/a><\/p>\n<p>Informations de connexion\u00a0 :<\/p>\n<p>IP du serveur\u00a0 : 88.189.30.200:9987<\/p>\n<div id=\"ajaxChat_m_2549\">Pass : jdr<\/div>\n<div><\/div>\n<div>Astuce :\u00a0 Param\u00e8tre &gt; Options<\/div>\n<div>Dans l&rsquo;onglet \u00ab\u00a0G\u00e9n\u00e9ral\u00a0\u00bb, cocher \u00ab\u00a0Afficher Teamspeak au 1er plan\u00a0\u00bb<\/div>\n<h3>Les dates :<\/h3>\n<p>Pour se mettre d&rsquo;accord :\u00a0<a title=\"Page Cyol&gt;Cats sur le Wiki du Lord\" href=\"http:\/\/ultralord.cyol.fr\/dokuwiki\/doku.php?id=joueurs:cyol:cats\" target=\"_blank\"> http:\/\/ultralord.cyol.fr\/dokuwiki\/doku.php?id=joueurs:cyol:cats<\/a><\/p>\n","protected":false},"excerpt":{"rendered":"<p>Cette page sert de base pour une partie de Cats par chat vocal. Y seront pr\u00e9sent\u00e9s les liens importants pour les joueurs, les m\u00e9canismes de bases, et \u00e0 terme des rapports de campagne ?<\/p>\n<\/p>\n<p> Pr\u00e9sentation du jeu : <\/p>\n<p>Site de l&rsquo;auteur : Vincent (Tl\u00f6n Uqbar) : Le panier du chat<\/p>\n<p>Site de l&rsquo;\u00e9diteur : [&#8230;]<\/p>\n","protected":false},"author":1,"featured_media":611,"parent":0,"menu_order":0,"comment_status":"open","ping_status":"open","template":"","meta":{"footnotes":""},"class_list":["post-603","page","type-page","status-publish","has-post-thumbnail","hentry","odd"],"_links":{"self":[{"href":"https:\/\/cyol.fr\/blog\/wp-json\/wp\/v2\/pages\/603","targetHints":{"allow":["GET"]}}],"collection":[{"href":"https:\/\/cyol.fr\/blog\/wp-json\/wp\/v2\/pages"}],"about":[{"href":"https:\/\/cyol.fr\/blog\/wp-json\/wp\/v2\/types\/page"}],"author":[{"embeddable":true,"href":"https:\/\/cyol.fr\/blog\/wp-json\/wp\/v2\/users\/1"}],"replies":[{"embeddable":true,"href":"https:\/\/cyol.fr\/blog\/wp-json\/wp\/v2\/comments?post=603"}],"version-history":[{"count":33,"href":"https:\/\/cyol.fr\/blog\/wp-json\/wp\/v2\/pages\/603\/revisions"}],"predecessor-version":[{"id":1473,"href":"https:\/\/cyol.fr\/blog\/wp-json\/wp\/v2\/pages\/603\/revisions\/1473"}],"wp:featuredmedia":[{"embeddable":true,"href":"https:\/\/cyol.fr\/blog\/wp-json\/wp\/v2\/media\/611"}],"wp:attachment":[{"href":"https:\/\/cyol.fr\/blog\/wp-json\/wp\/v2\/media?parent=603"}],"curies":[{"name":"wp","href":"https:\/\/api.w.org\/{rel}","templated":true}]}}