{"id":147,"date":"2013-03-21T16:28:00","date_gmt":"2013-03-21T15:28:00","guid":{"rendered":"http:\/\/cyol.fr\/blogwp\/?page_id=147"},"modified":"2023-09-20T13:46:03","modified_gmt":"2023-09-20T11:46:03","slug":"a-propos-de-ce-blog","status":"publish","type":"page","link":"https:\/\/cyol.fr\/blog\/a-propos-de-ce-blog\/","title":{"rendered":"A propos de ce Blog"},"content":{"rendered":"<p>Comme je le disais dans <a title=\"SRDice d\u00e9veloppement d\u2019une application de d\u00e8s Shadowrun pour Android\" href=\"https:\/\/cyol.fr\/blog\/post\/srdice-developpement-d-une-application-de-des-shadowrun-pour-android\/\">mon premier billet<\/a>, j&rsquo;ai ouvert ce blog principalement car l&rsquo;inscription au Google Play Store en tant que d\u00e9veloppeur demande de mettre un url du site internet du d\u00e9veloppeur.<br \/>De plus le format Blog a l&rsquo;avantage de permettre un \u00e9change plus ais\u00e9 avec les internautes.<br \/>Il me sert principalement de carnet de bord personnel avec les points que je d\u00e9couvre, les probl\u00e9matiques que je rencontre et les r\u00e9ponses \u00e0 ces probl\u00e9matiques (quand je les trouve).<\/p>\n<p>Il me sert aussi de suivi de d\u00e9veloppement. Ce cot\u00e9 l\u00e0 sera moins visible pour vous, mais en gros quand je travaille sur un point, une fonctionnalit\u00e9, j&rsquo;ai un billet en cours de cr\u00e9ation avec tout un tas de notes et de liens lanc\u00e9s en vrac. Vu que je fais ce d\u00e9veloppement sur mon temps libre, il est parfois (souvent) hach\u00e9 et ainsi ceci m&rsquo;aide \u00e0 ne pas perdre le fil de mes pens\u00e9es.<br \/>Une fois la fonctionnalit\u00e9 r\u00e9pondant \u00e0 mes attentes, je r\u00e9-organise le billet de fa\u00e7on plus pr\u00e9sentable avant de le mettre en ligne.<\/p>\n<p>Et puis tant qu&rsquo;\u00e0 avoir un blog, j&rsquo;y parle de mes autres passions ou projets. Que ce soit le Jeu de R\u00f4les ou encore les Lego&#8230;<\/p>\n<p>Sauf indication contraire, les articles de ce blog sont publi\u00e9s sous licence <a title=\"Licence CC BY-SA\" href=\"http:\/\/creativecommons.org\/licenses\/by-sa\/3.0\/deed.fr\" hreflang=\"fr\">CC BY-SA (Creative commons Paternit\u00e9 &#8211; Partage dans les M\u00eames Conditions 3.0 non transpos\u00e9)<\/a>.<\/p>\n\n\n<p><form action=\"https:\/\/www.paypal.com\/cgi-bin\/webscr\" method=\"post\" target=\"_top\"> <h3><span class=\"simple-html-contents _ngcontent-tku-15\">R\u00e8gles de confidentialit\u00e9<\/span> des applications Android d\u00e9velopp\u00e9e et mise \u00e0 disposition sur le playStore par Cyol<\/h3> Les applications suivantes ne r\u00e9coltent ni ne partages aucunes donn\u00e9es sensibles <span class=\"simple-html-contents _ngcontent-tku-15\">li\u00e9es aux utilisateurs et aux appareils.<\/span> <\/form><\/p>\n\n\n\n<ul class=\"wp-block-list\">\n<li>Le Val des Etoiles<\/li>\n\n\n\n<li>Les L\u00e9gendes de la Garde<\/li>\n\n\n\n<li>SRDice<\/li>\n<\/ul>\n","protected":false},"excerpt":{"rendered":"<p>Comme je le disais dans mon premier billet, j&rsquo;ai ouvert ce blog principalement car l&rsquo;inscription au Google Play Store en tant que d\u00e9veloppeur demande de mettre un url du site internet du d\u00e9veloppeur.De plus le format Blog a l&rsquo;avantage de permettre un \u00e9change plus ais\u00e9 avec les internautes.Il me sert principalement de carnet de bord [&#8230;]<\/p>\n","protected":false},"author":1,"featured_media":0,"parent":0,"menu_order":0,"comment_status":"open","ping_status":"open","template":"","meta":{"footnotes":""},"class_list":["post-147","page","type-page","status-publish","hentry","odd"],"_links":{"self":[{"href":"https:\/\/cyol.fr\/blog\/wp-json\/wp\/v2\/pages\/147","targetHints":{"allow":["GET"]}}],"collection":[{"href":"https:\/\/cyol.fr\/blog\/wp-json\/wp\/v2\/pages"}],"about":[{"href":"https:\/\/cyol.fr\/blog\/wp-json\/wp\/v2\/types\/page"}],"author":[{"embeddable":true,"href":"https:\/\/cyol.fr\/blog\/wp-json\/wp\/v2\/users\/1"}],"replies":[{"embeddable":true,"href":"https:\/\/cyol.fr\/blog\/wp-json\/wp\/v2\/comments?post=147"}],"version-history":[{"count":8,"href":"https:\/\/cyol.fr\/blog\/wp-json\/wp\/v2\/pages\/147\/revisions"}],"predecessor-version":[{"id":1847,"href":"https:\/\/cyol.fr\/blog\/wp-json\/wp\/v2\/pages\/147\/revisions\/1847"}],"wp:attachment":[{"href":"https:\/\/cyol.fr\/blog\/wp-json\/wp\/v2\/media?parent=147"}],"curies":[{"name":"wp","href":"https:\/\/api.w.org\/{rel}","templated":true}]}}